{"id":2298,"date":"2022-07-23T16:31:40","date_gmt":"2022-07-23T14:31:40","guid":{"rendered":"https:\/\/dev.unmonrodo.cat\/?page_id=2298"},"modified":"2023-06-11T14:45:29","modified_gmt":"2023-06-11T12:45:29","slug":"informacio-sobre-cookies","status":"publish","type":"page","link":"https:\/\/unmonrodo.cat\/es\/informacio-sobre-cookies\/","title":{"rendered":"Informaci\u00f3n sobre cookies"},"content":{"rendered":"<div data-elementor-type=\"wp-page\" data-elementor-id=\"2298\" class=\"elementor elementor-2298\" data-elementor-post-type=\"page\">\n\t\t\t\t\t\t<section class=\"elementor-section elementor-top-section elementor-element elementor-element-235591b elementor-section-boxed elementor-section-height-default elementor-section-height-default\" data-id=\"235591b\" data-element_type=\"section\" data-e-type=\"section\">\n\t\t\t\t\t\t<div class=\"elementor-container elementor-column-gap-wide\">\n\t\t\t\t\t<div class=\"elementor-column elementor-col-100 elementor-top-column elementor-element elementor-element-803a337\" data-id=\"803a337\" data-element_type=\"column\" data-e-type=\"column\">\n\t\t\t<div class=\"elementor-widget-wrap elementor-element-populated\">\n\t\t\t\t\t\t<div class=\"elementor-element elementor-element-cddb2f2 elementor-widget elementor-widget-heading\" data-id=\"cddb2f2\" data-element_type=\"widget\" data-e-type=\"widget\" data-widget_type=\"heading.default\">\n\t\t\t\t<div class=\"elementor-widget-container\">\n\t\t\t\t\t<h2 class=\"elementor-heading-title elementor-size-default\">Qu\u00e9 son?<\/h2>\t\t\t\t<\/div>\n\t\t\t\t<\/div>\n\t\t\t\t<div class=\"elementor-element elementor-element-94e7586 elementor-widget elementor-widget-text-editor\" data-id=\"94e7586\" data-element_type=\"widget\" data-e-type=\"widget\" data-widget_type=\"text-editor.default\">\n\t\t\t\t<div class=\"elementor-widget-container\">\n\t\t\t\t\t\t\t\t\t<p class=\"translation-block\">Una <em>cookie<\/em> es un archivo que es enviado con el fin de solicitar permiso para almacenarse en su ordenador. Al aceptar, este archivo se crea y sirve entonces para almacenar informaci\u00f3n referente al tr\u00e1fico web. Tambi\u00e9n facilita las futuras visitas recurrentes en una misma web.<\/p><p class=\"translation-block\">Otra funci\u00f3n que tienen las <em>cookies<\/em> es poder reconocer a un usuario individualmente y, por tanto, brindarle un mejor servicio personalizado en su uso de la web.<\/p>\t\t\t\t\t\t\t\t<\/div>\n\t\t\t\t<\/div>\n\t\t\t\t<div class=\"elementor-element elementor-element-6c6c486 elementor-widget elementor-widget-heading\" data-id=\"6c6c486\" data-element_type=\"widget\" data-e-type=\"widget\" data-widget_type=\"heading.default\">\n\t\t\t\t<div class=\"elementor-widget-container\">\n\t\t\t\t\t<h2 class=\"elementor-heading-title elementor-size-default\">Uso<\/h2>\t\t\t\t<\/div>\n\t\t\t\t<\/div>\n\t\t\t\t<div class=\"elementor-element elementor-element-6845afa elementor-widget elementor-widget-text-editor\" data-id=\"6845afa\" data-element_type=\"widget\" data-e-type=\"widget\" data-widget_type=\"text-editor.default\">\n\t\t\t\t<div class=\"elementor-widget-container\">\n\t\t\t\t\t\t\t\t\t<p class=\"translation-block\">Nuestro sitio web utiliza cookies para poder identificar las p\u00e1ginas que son visitadas y su frecuencia. Esta informaci\u00f3n es utilizada \u00fanicamente para an\u00e1lisis estad\u00edstico, elimin\u00e1ndose despu\u00e9s de forma permanente.<\/p><p class=\"translation-block\">Usted puede eliminar las cookies en cualquier momento desde su ordenador. Sin embargo, las cookies ayudan a proporcionar un mejor servicio de nuestro sitio web y no dan acceso a informaci\u00f3n de su ordenador ni de usted, a menos que usted as\u00ed lo desee y la proporcione directamente.<\/p><p class=\"translation-block\">Usted puede aceptar o declinar el uso de <em>cookies<\/em>, pero la mayor\u00eda de navegadores las aceptan autom\u00e1ticamente, ya que sirve para ofrecerle un mejor servicio web. Tambi\u00e9n puede cambiar la configuraci\u00f3n de su ordenador para declinarlas. Si se declinan es posible que no pueda utilizar algunos de nuestros servicios.<\/p>\t\t\t\t\t\t\t\t<\/div>\n\t\t\t\t<\/div>\n\t\t\t\t<div class=\"elementor-element elementor-element-9f3fedd elementor-widget elementor-widget-heading\" data-id=\"9f3fedd\" data-element_type=\"widget\" data-e-type=\"widget\" data-widget_type=\"heading.default\">\n\t\t\t\t<div class=\"elementor-widget-container\">\n\t\t\t\t\t<h2 class=\"elementor-heading-title elementor-size-default\">Enlaces a terceros<\/h2>\t\t\t\t<\/div>\n\t\t\t\t<\/div>\n\t\t\t\t<div class=\"elementor-element elementor-element-f8674ba elementor-widget elementor-widget-text-editor\" data-id=\"f8674ba\" data-element_type=\"widget\" data-e-type=\"widget\" data-widget_type=\"text-editor.default\">\n\t\t\t\t<div class=\"elementor-widget-container\">\n\t\t\t\t\t\t\t\t\t<p>Este sitio web puede contener enlaces a otros sitios que puedan ser de su inter\u00e9s. Una vez que haga clic en estos enlaces y abandone nuestra p\u00e1gina, ya no tendremos ning\u00fan control sobre el sitio al que es redirigido y, por tanto, no somos responsables de los t\u00e9rminos legales aplicados, ni de la protecci\u00f3n de sus datos en estos otros sitios web de terceros.<\/p><p>Estos sitios est\u00e1n sujetos a sus propias pol\u00edticas de privacidad, por lo que es recomendable que las consulte para confirmar si usted est\u00e1 de acuerdo.<\/p>\t\t\t\t\t\t\t\t<\/div>\n\t\t\t\t<\/div>\n\t\t\t\t<div class=\"elementor-element elementor-element-180986f elementor-widget elementor-widget-heading\" data-id=\"180986f\" data-element_type=\"widget\" data-e-type=\"widget\" data-widget_type=\"heading.default\">\n\t\t\t\t<div class=\"elementor-widget-container\">\n\t\t\t\t\t<h2 class=\"elementor-heading-title elementor-size-default\">Control de su informaci\u00f3n personal<\/h2>\t\t\t\t<\/div>\n\t\t\t\t<\/div>\n\t\t\t\t<div class=\"elementor-element elementor-element-3659fba elementor-widget elementor-widget-text-editor\" data-id=\"3659fba\" data-element_type=\"widget\" data-e-type=\"widget\" data-widget_type=\"text-editor.default\">\n\t\t\t\t<div class=\"elementor-widget-container\">\n\t\t\t\t\t\t\t\t\t<p>En virtud del art\u00edculo 22.2 de la Ley 34\/2002 de Servicios de la Informaci\u00f3n y de Comercio Electr\u00f3nico, Un m\u00f3n rod\u00f3, S.L. podr\u00e1 utilizar dispositivos de almacenamiento y recuperaci\u00f3n de datos en equipos terminales de los destinatarios, a condici\u00f3n de que los mismos hayan dado su consentimiento despu\u00e9s de que se les haya facilitado informaci\u00f3n clara y completa sobre su utilizaci\u00f3n. En particular, sobre las finalidades del tratamiento de los datos, de acuerdo con lo que dispone la Ley Org\u00e1nica 15\/1999, de 13 de diciembre, de protecci\u00f3n de datos de car\u00e1cter personal y el Reglamento (UE) 2016\/679 del Parlamento europeo y del Consejo.<\/p>\n<p>En cualquier momento usted puede restringir la recopilaci\u00f3n o el uso de la informaci\u00f3n personal que se proporciona en nuestro sitio web. Cada vez que se le solicite rellenar un formulario, como el de alta de usuario, puede cambiar la selecci\u00f3n de la opci\u00f3n de recibir informaci\u00f3n por correo electr\u00f3nico. En caso de que haya marcado la opci\u00f3n de recibir nuestro bolet\u00edn o publicidad, usted puede cancelarla en cualquier momento. Esto no impide el posible almacenamiento o acceso de \u00edndole t\u00e9cnica con el fin de efectuar la transmisi\u00f3n de una comunicaci\u00f3n por una red de comunicaciones electr\u00f3nicas o, en la medida en que sea estrictamente necesario, para la prestaci\u00f3n de un servicio expresamente solicitado por el destinatario.<\/p>\n<p>Un m\u00f3n rod\u00f3, S.L. nunca vender\u00e1, ceder\u00e1 o distribuir\u00e1 la informaci\u00f3n personal que es recopilada sin su consentimiento, salvo que sea requerido por un juez con orden judicial.<\/p>\t\t\t\t\t\t\t\t<\/div>\n\t\t\t\t<\/div>\n\t\t\t\t\t<\/div>\n\t\t<\/div>\n\t\t\t\t\t<\/div>\n\t\t<\/section>\n\t\t\t\t<\/div>","protected":false},"excerpt":{"rendered":"<p>Qu\u00e8 s\u00f3n? Una cookie \u00e9s un fitxer que \u00e9s enviat amb la finalitat de sol\u00b7licitar perm\u00eds per emmagatzemar-se en el seu ordinador. En acceptar, aquest fitxer es crea i serveix llavors per emmagatzemar informaci\u00f3 referent al tr\u00e0nsit web. Tamb\u00e9 facilita les futures visites recurrents a una mateixa web. Una altra funci\u00f3 que tenen les cookies [&hellip;]<\/p>\n","protected":false},"author":1,"featured_media":0,"parent":0,"menu_order":0,"comment_status":"closed","ping_status":"closed","template":"","meta":{"footnotes":""},"class_list":["post-2298","page","type-page","status-publish","hentry"],"yoast_head":"<!-- This site is optimized with the Yoast SEO plugin v27.5 - https:\/\/yoast.com\/product\/yoast-seo-wordpress\/ -->\n<title>Informaci\u00f3 sobre cookies - Un m\u00f3n mod\u00f3<\/title>\n<meta name=\"robots\" content=\"index, follow, max-snippet:-1, max-image-preview:large, max-video-preview:-1\" \/>\n<link rel=\"canonical\" href=\"https:\/\/unmonrodo.cat\/es\/informacio-sobre-cookies\/\" \/>\n<meta property=\"og:locale\" content=\"es_ES\" \/>\n<meta property=\"og:type\" content=\"article\" \/>\n<meta property=\"og:title\" content=\"Informaci\u00f3 sobre cookies - Un m\u00f3n mod\u00f3\" \/>\n<meta property=\"og:description\" content=\"Qu\u00e8 s\u00f3n? Una cookie \u00e9s un fitxer que \u00e9s enviat amb la finalitat de sol\u00b7licitar perm\u00eds per emmagatzemar-se en el seu ordinador. En acceptar, aquest fitxer es crea i serveix llavors per emmagatzemar informaci\u00f3 referent al tr\u00e0nsit web. Tamb\u00e9 facilita les futures visites recurrents a una mateixa web. Una altra funci\u00f3 que tenen les cookies [&hellip;]\" \/>\n<meta property=\"og:url\" content=\"https:\/\/unmonrodo.cat\/es\/informacio-sobre-cookies\/\" \/>\n<meta property=\"og:site_name\" content=\"Un m\u00f3n mod\u00f3\" \/>\n<meta property=\"article:publisher\" content=\"https:\/\/es-es.facebook.com\/unmonrodo\" \/>\n<meta property=\"article:modified_time\" content=\"2023-06-11T12:45:29+00:00\" \/>\n<meta name=\"twitter:card\" content=\"summary_large_image\" \/>\n<meta name=\"twitter:site\" content=\"@un_mon_rodo\" \/>\n<meta name=\"twitter:label1\" content=\"Tiempo de lectura\" \/>\n\t<meta name=\"twitter:data1\" content=\"3 minutos\" \/>\n<script type=\"application\/ld+json\" class=\"yoast-schema-graph\">{\"@context\":\"https:\\\/\\\/schema.org\",\"@graph\":[{\"@type\":\"WebPage\",\"@id\":\"https:\\\/\\\/unmonrodo.cat\\\/informacio-sobre-cookies\\\/\",\"url\":\"https:\\\/\\\/unmonrodo.cat\\\/informacio-sobre-cookies\\\/\",\"name\":\"Informaci\u00f3 sobre cookies - Un m\u00f3n mod\u00f3\",\"isPartOf\":{\"@id\":\"https:\\\/\\\/unmonrodo.cat\\\/#website\"},\"datePublished\":\"2022-07-23T14:31:40+00:00\",\"dateModified\":\"2023-06-11T12:45:29+00:00\",\"breadcrumb\":{\"@id\":\"https:\\\/\\\/unmonrodo.cat\\\/informacio-sobre-cookies\\\/#breadcrumb\"},\"inLanguage\":\"es\",\"potentialAction\":[{\"@type\":\"ReadAction\",\"target\":[\"https:\\\/\\\/unmonrodo.cat\\\/informacio-sobre-cookies\\\/\"]}]},{\"@type\":\"BreadcrumbList\",\"@id\":\"https:\\\/\\\/unmonrodo.cat\\\/informacio-sobre-cookies\\\/#breadcrumb\",\"itemListElement\":[{\"@type\":\"ListItem\",\"position\":1,\"name\":\"Inici\",\"item\":\"https:\\\/\\\/unmonrodo.cat\\\/\"},{\"@type\":\"ListItem\",\"position\":2,\"name\":\"Informaci\u00f3 sobre cookies\"}]},{\"@type\":\"WebSite\",\"@id\":\"https:\\\/\\\/unmonrodo.cat\\\/#website\",\"url\":\"https:\\\/\\\/unmonrodo.cat\\\/\",\"name\":\"Un M\u00f3n Rod\u00f3\",\"description\":\"Aprendre pot ser divertit!\",\"publisher\":{\"@id\":\"https:\\\/\\\/unmonrodo.cat\\\/#organization\"},\"potentialAction\":[{\"@type\":\"SearchAction\",\"target\":{\"@type\":\"EntryPoint\",\"urlTemplate\":\"https:\\\/\\\/unmonrodo.cat\\\/?s={search_term_string}\"},\"query-input\":{\"@type\":\"PropertyValueSpecification\",\"valueRequired\":true,\"valueName\":\"search_term_string\"}}],\"inLanguage\":\"es\"},{\"@type\":\"Organization\",\"@id\":\"https:\\\/\\\/unmonrodo.cat\\\/#organization\",\"name\":\"Un M\u00f3n Rod\u00f3\",\"url\":\"https:\\\/\\\/unmonrodo.cat\\\/\",\"logo\":{\"@type\":\"ImageObject\",\"inLanguage\":\"es\",\"@id\":\"https:\\\/\\\/unmonrodo.cat\\\/#\\\/schema\\\/logo\\\/image\\\/\",\"url\":\"https:\\\/\\\/dev.unmonrodo.com\\\/wp-content\\\/uploads\\\/2021\\\/11\\\/logo-horizontal.png\",\"contentUrl\":\"https:\\\/\\\/dev.unmonrodo.com\\\/wp-content\\\/uploads\\\/2021\\\/11\\\/logo-horizontal.png\",\"width\":1016,\"height\":299,\"caption\":\"Un M\u00f3n Rod\u00f3\"},\"image\":{\"@id\":\"https:\\\/\\\/unmonrodo.cat\\\/#\\\/schema\\\/logo\\\/image\\\/\"},\"sameAs\":[\"https:\\\/\\\/es-es.facebook.com\\\/unmonrodo\",\"https:\\\/\\\/x.com\\\/un_mon_rodo\"]}]}<\/script>\n<!-- \/ Yoast SEO plugin. -->","yoast_head_json":{"title":"Informaci\u00f3 sobre cookies - Un m\u00f3n mod\u00f3","robots":{"index":"index","follow":"follow","max-snippet":"max-snippet:-1","max-image-preview":"max-image-preview:large","max-video-preview":"max-video-preview:-1"},"canonical":"https:\/\/unmonrodo.cat\/es\/informacio-sobre-cookies\/","og_locale":"es_ES","og_type":"article","og_title":"Informaci\u00f3 sobre cookies - Un m\u00f3n mod\u00f3","og_description":"Qu\u00e8 s\u00f3n? Una cookie \u00e9s un fitxer que \u00e9s enviat amb la finalitat de sol\u00b7licitar perm\u00eds per emmagatzemar-se en el seu ordinador. En acceptar, aquest fitxer es crea i serveix llavors per emmagatzemar informaci\u00f3 referent al tr\u00e0nsit web. Tamb\u00e9 facilita les futures visites recurrents a una mateixa web. Una altra funci\u00f3 que tenen les cookies [&hellip;]","og_url":"https:\/\/unmonrodo.cat\/es\/informacio-sobre-cookies\/","og_site_name":"Un m\u00f3n mod\u00f3","article_publisher":"https:\/\/es-es.facebook.com\/unmonrodo","article_modified_time":"2023-06-11T12:45:29+00:00","twitter_card":"summary_large_image","twitter_site":"@un_mon_rodo","twitter_misc":{"Tiempo de lectura":"3 minutos"},"schema":{"@context":"https:\/\/schema.org","@graph":[{"@type":"WebPage","@id":"https:\/\/unmonrodo.cat\/informacio-sobre-cookies\/","url":"https:\/\/unmonrodo.cat\/informacio-sobre-cookies\/","name":"Informaci\u00f3 sobre cookies - Un m\u00f3n mod\u00f3","isPartOf":{"@id":"https:\/\/unmonrodo.cat\/#website"},"datePublished":"2022-07-23T14:31:40+00:00","dateModified":"2023-06-11T12:45:29+00:00","breadcrumb":{"@id":"https:\/\/unmonrodo.cat\/informacio-sobre-cookies\/#breadcrumb"},"inLanguage":"es","potentialAction":[{"@type":"ReadAction","target":["https:\/\/unmonrodo.cat\/informacio-sobre-cookies\/"]}]},{"@type":"BreadcrumbList","@id":"https:\/\/unmonrodo.cat\/informacio-sobre-cookies\/#breadcrumb","itemListElement":[{"@type":"ListItem","position":1,"name":"Inici","item":"https:\/\/unmonrodo.cat\/"},{"@type":"ListItem","position":2,"name":"Informaci\u00f3 sobre cookies"}]},{"@type":"WebSite","@id":"https:\/\/unmonrodo.cat\/#website","url":"https:\/\/unmonrodo.cat\/","name":"Un M\u00f3n Rod\u00f3","description":"\u00a1Aprender es divertido!","publisher":{"@id":"https:\/\/unmonrodo.cat\/#organization"},"potentialAction":[{"@type":"SearchAction","target":{"@type":"EntryPoint","urlTemplate":"https:\/\/unmonrodo.cat\/?s={search_term_string}"},"query-input":{"@type":"PropertyValueSpecification","valueRequired":true,"valueName":"search_term_string"}}],"inLanguage":"es"},{"@type":"Organization","@id":"https:\/\/unmonrodo.cat\/#organization","name":"Un M\u00f3n Rod\u00f3","url":"https:\/\/unmonrodo.cat\/","logo":{"@type":"ImageObject","inLanguage":"es","@id":"https:\/\/unmonrodo.cat\/#\/schema\/logo\/image\/","url":"https:\/\/dev.unmonrodo.com\/wp-content\/uploads\/2021\/11\/logo-horizontal.png","contentUrl":"https:\/\/dev.unmonrodo.com\/wp-content\/uploads\/2021\/11\/logo-horizontal.png","width":1016,"height":299,"caption":"Un M\u00f3n Rod\u00f3"},"image":{"@id":"https:\/\/unmonrodo.cat\/#\/schema\/logo\/image\/"},"sameAs":["https:\/\/es-es.facebook.com\/unmonrodo","https:\/\/x.com\/un_mon_rodo"]}]}},"_links":{"self":[{"href":"https:\/\/unmonrodo.cat\/es\/wp-json\/wp\/v2\/pages\/2298","targetHints":{"allow":["GET"]}}],"collection":[{"href":"https:\/\/unmonrodo.cat\/es\/wp-json\/wp\/v2\/pages"}],"about":[{"href":"https:\/\/unmonrodo.cat\/es\/wp-json\/wp\/v2\/types\/page"}],"author":[{"embeddable":true,"href":"https:\/\/unmonrodo.cat\/es\/wp-json\/wp\/v2\/users\/1"}],"replies":[{"embeddable":true,"href":"https:\/\/unmonrodo.cat\/es\/wp-json\/wp\/v2\/comments?post=2298"}],"version-history":[{"count":17,"href":"https:\/\/unmonrodo.cat\/es\/wp-json\/wp\/v2\/pages\/2298\/revisions"}],"predecessor-version":[{"id":3749,"href":"https:\/\/unmonrodo.cat\/es\/wp-json\/wp\/v2\/pages\/2298\/revisions\/3749"}],"wp:attachment":[{"href":"https:\/\/unmonrodo.cat\/es\/wp-json\/wp\/v2\/media?parent=2298"}],"curies":[{"name":"wp","href":"https:\/\/api.w.org\/{rel}","templated":true}]}}