{"id":2351,"date":"2022-07-24T13:29:43","date_gmt":"2022-07-24T11:29:43","guid":{"rendered":"https:\/\/dev.unmonrodo.cat\/?page_id=2351"},"modified":"2023-06-11T14:35:34","modified_gmt":"2023-06-11T12:35:34","slug":"politica-de-privacitat","status":"publish","type":"page","link":"https:\/\/unmonrodo.cat\/es\/politica-de-privacitat\/","title":{"rendered":"Pol\u00edtica de privacidad"},"content":{"rendered":"<div data-elementor-type=\"wp-page\" data-elementor-id=\"2351\" class=\"elementor elementor-2351\" data-elementor-post-type=\"page\">\n\t\t\t\t\t\t<section class=\"elementor-section elementor-top-section elementor-element elementor-element-7971cd4 elementor-section-boxed elementor-section-height-default elementor-section-height-default\" data-id=\"7971cd4\" data-element_type=\"section\" data-e-type=\"section\">\n\t\t\t\t\t\t<div class=\"elementor-container elementor-column-gap-wide\">\n\t\t\t\t\t<div class=\"elementor-column elementor-col-100 elementor-top-column elementor-element elementor-element-6f303cf\" data-id=\"6f303cf\" data-element_type=\"column\" data-e-type=\"column\">\n\t\t\t<div class=\"elementor-widget-wrap elementor-element-populated\">\n\t\t\t\t\t\t<div class=\"elementor-element elementor-element-7a09465 elementor-widget elementor-widget-heading\" data-id=\"7a09465\" data-element_type=\"widget\" data-e-type=\"widget\" data-widget_type=\"heading.default\">\n\t\t\t\t<div class=\"elementor-widget-container\">\n\t\t\t\t\t<h2 class=\"elementor-heading-title elementor-size-default\">Introducci\u00f3n<\/h2>\t\t\t\t<\/div>\n\t\t\t\t<\/div>\n\t\t\t\t<div class=\"elementor-element elementor-element-ae00c37 elementor-widget elementor-widget-text-editor\" data-id=\"ae00c37\" data-element_type=\"widget\" data-e-type=\"widget\" data-widget_type=\"text-editor.default\">\n\t\t\t\t<div class=\"elementor-widget-container\">\n\t\t\t\t\t\t\t\t\t<p>Nuestra pol\u00edtica de privacidad establece los t\u00e9rminos en los que Un m\u00f3n rod\u00f3, S.L. emplea y protege la informaci\u00f3n que es proporcionada por sus usuarios en el momento de utilizar su sitio web.<\/p><p>Esta compa\u00f1\u00eda est\u00e1 comprometida con la seguridad de los datos de sus usuarios. Cuando le pedimos rellenar los campos de informaci\u00f3n personal con los que usted pueda ser identificado, lo hacemos asegur\u00e1ndonos que s\u00f3lo se utilizar\u00e1 de acuerdo con los t\u00e9rminos de este documento. Sin embargo, esta pol\u00edtica de privacidad puede cambiar con el tiempo o ser actualizada, por lo que le recomendamos revisar continuamente esta p\u00e1gina para asegurarse de que sigue estando de acuerdo con estos cambios.<\/p>\t\t\t\t\t\t\t\t<\/div>\n\t\t\t\t<\/div>\n\t\t\t\t<div class=\"elementor-element elementor-element-3b77490 elementor-widget elementor-widget-heading\" data-id=\"3b77490\" data-element_type=\"widget\" data-e-type=\"widget\" data-widget_type=\"heading.default\">\n\t\t\t\t<div class=\"elementor-widget-container\">\n\t\t\t\t\t<h2 class=\"elementor-heading-title elementor-size-default\">Informaci\u00f3n que se recoge<\/h2>\t\t\t\t<\/div>\n\t\t\t\t<\/div>\n\t\t\t\t<div class=\"elementor-element elementor-element-56c35ef elementor-widget elementor-widget-text-editor\" data-id=\"56c35ef\" data-element_type=\"widget\" data-e-type=\"widget\" data-widget_type=\"text-editor.default\">\n\t\t\t\t<div class=\"elementor-widget-container\">\n\t\t\t\t\t\t\t\t\t<p>Nuestro sitio web podr\u00e1 recoger la siguiente informaci\u00f3n personal: nombre, informaci\u00f3n de contacto, como su direcci\u00f3n de correo electr\u00f3nico, e informaci\u00f3n demogr\u00e1fica. Asimismo, cuando sea necesario, podr\u00e1 requerirse informaci\u00f3n espec\u00edfica adicional.<\/p>\t\t\t\t\t\t\t\t<\/div>\n\t\t\t\t<\/div>\n\t\t\t\t<div class=\"elementor-element elementor-element-0577c48 elementor-widget elementor-widget-heading\" data-id=\"0577c48\" data-element_type=\"widget\" data-e-type=\"widget\" data-widget_type=\"heading.default\">\n\t\t\t\t<div class=\"elementor-widget-container\">\n\t\t\t\t\t<h2 class=\"elementor-heading-title elementor-size-default\">Uso de la informaci\u00f3n recogida<\/h2>\t\t\t\t<\/div>\n\t\t\t\t<\/div>\n\t\t\t\t<div class=\"elementor-element elementor-element-9c4389f elementor-widget elementor-widget-text-editor\" data-id=\"9c4389f\" data-element_type=\"widget\" data-e-type=\"widget\" data-widget_type=\"text-editor.default\">\n\t\t\t\t<div class=\"elementor-widget-container\">\n\t\t\t\t\t\t\t\t\t<p>Nuestro sitio web utiliza la informaci\u00f3n para proporcionar el mejor servicio posible, particularmente para mantener un registro de usuarios, de servicios prestados en caso de que se aplique, y mejorar nuestros productos y servicios.<\/p><p>Es posible que se env\u00eden correos electr\u00f3nicos peri\u00f3dicamente mediante nuestro sitio web con ofertas especiales, nuevos servicios y otra informaci\u00f3n publicitaria que consideremos relevante para usted o que pueda brindarle alg\u00fan beneficio. Estos correos electr\u00f3nicos ser\u00e1n enviados a la direcci\u00f3n que usted proporcione y podr\u00e1n ser cancelados en cualquier momento.<\/p><p>Un m\u00f3n rod\u00f3, S.L. est\u00e1 altamente comprometido en mantener su informaci\u00f3n segura. Utilizamos los sistemas m\u00e1s avanzados y los actualizamos constantemente para asegurarnos de que no exista ning\u00fan acceso no autorizado.<\/p><p>Un mundo redondo, S.L. se reserva el derecho a cambiar los t\u00e9rminos de la presente pol\u00edtica de privacidad en cualquier momento.<\/p>\t\t\t\t\t\t\t\t<\/div>\n\t\t\t\t<\/div>\n\t\t\t\t\t<\/div>\n\t\t<\/div>\n\t\t\t\t\t<\/div>\n\t\t<\/section>\n\t\t\t\t<\/div>","protected":false},"excerpt":{"rendered":"<p>Introducci\u00f3 La nostra pol\u00edtica de privacitat estableix els termes en qu\u00e8 Un m\u00f3n rod\u00f3, S.L. empra i protegeix la informaci\u00f3 que \u00e9s proporcionada pels seus usuaris en el moment d&#8217;utilitzar el seu lloc web. Aquesta companyia est\u00e0 compromesa amb la seguretat de les dades dels seus usuaris. Quan li demanem omplir els camps d&#8217;informaci\u00f3 personal [&hellip;]<\/p>","protected":false},"author":1,"featured_media":0,"parent":0,"menu_order":0,"comment_status":"closed","ping_status":"closed","template":"","meta":{"footnotes":""},"class_list":["post-2351","page","type-page","status-publish","hentry"],"yoast_head":"<!-- This site is optimized with the Yoast SEO plugin v26.8 - https:\/\/yoast.com\/product\/yoast-seo-wordpress\/ -->\n<title>Pol\u00edtica de privacitat - Un m\u00f3n mod\u00f3<\/title>\n<meta name=\"robots\" content=\"index, follow, max-snippet:-1, max-image-preview:large, max-video-preview:-1\" \/>\n<link rel=\"canonical\" href=\"https:\/\/unmonrodo.cat\/es\/politica-de-privacitat\/\" \/>\n<meta property=\"og:locale\" content=\"es_ES\" \/>\n<meta property=\"og:type\" content=\"article\" \/>\n<meta property=\"og:title\" content=\"Pol\u00edtica de privacitat - Un m\u00f3n mod\u00f3\" \/>\n<meta property=\"og:description\" content=\"Introducci\u00f3 La nostra pol\u00edtica de privacitat estableix els termes en qu\u00e8 Un m\u00f3n rod\u00f3, S.L. empra i protegeix la informaci\u00f3 que \u00e9s proporcionada pels seus usuaris en el moment d&#8217;utilitzar el seu lloc web. Aquesta companyia est\u00e0 compromesa amb la seguretat de les dades dels seus usuaris. Quan li demanem omplir els camps d&#8217;informaci\u00f3 personal [&hellip;]\" \/>\n<meta property=\"og:url\" content=\"https:\/\/unmonrodo.cat\/es\/politica-de-privacitat\/\" \/>\n<meta property=\"og:site_name\" content=\"Un m\u00f3n mod\u00f3\" \/>\n<meta property=\"article:publisher\" content=\"https:\/\/es-es.facebook.com\/unmonrodo\" \/>\n<meta property=\"article:modified_time\" content=\"2023-06-11T12:35:34+00:00\" \/>\n<meta name=\"twitter:card\" content=\"summary_large_image\" \/>\n<meta name=\"twitter:site\" content=\"@un_mon_rodo\" \/>\n<meta name=\"twitter:label1\" content=\"Tiempo de lectura\" \/>\n\t<meta name=\"twitter:data1\" content=\"2 minutos\" \/>\n<script type=\"application\/ld+json\" class=\"yoast-schema-graph\">{\"@context\":\"https:\/\/schema.org\",\"@graph\":[{\"@type\":\"WebPage\",\"@id\":\"https:\/\/unmonrodo.cat\/politica-de-privacitat\/\",\"url\":\"https:\/\/unmonrodo.cat\/politica-de-privacitat\/\",\"name\":\"Pol\u00edtica de privacitat - Un m\u00f3n mod\u00f3\",\"isPartOf\":{\"@id\":\"https:\/\/unmonrodo.cat\/#website\"},\"datePublished\":\"2022-07-24T11:29:43+00:00\",\"dateModified\":\"2023-06-11T12:35:34+00:00\",\"breadcrumb\":{\"@id\":\"https:\/\/unmonrodo.cat\/politica-de-privacitat\/#breadcrumb\"},\"inLanguage\":\"es\",\"potentialAction\":[{\"@type\":\"ReadAction\",\"target\":[\"https:\/\/unmonrodo.cat\/politica-de-privacitat\/\"]}]},{\"@type\":\"BreadcrumbList\",\"@id\":\"https:\/\/unmonrodo.cat\/politica-de-privacitat\/#breadcrumb\",\"itemListElement\":[{\"@type\":\"ListItem\",\"position\":1,\"name\":\"Inici\",\"item\":\"https:\/\/unmonrodo.cat\/\"},{\"@type\":\"ListItem\",\"position\":2,\"name\":\"Pol\u00edtica de privacitat\"}]},{\"@type\":\"WebSite\",\"@id\":\"https:\/\/unmonrodo.cat\/#website\",\"url\":\"https:\/\/unmonrodo.cat\/\",\"name\":\"Un M\u00f3n Rod\u00f3\",\"description\":\"Aprendre pot ser divertit!\",\"publisher\":{\"@id\":\"https:\/\/unmonrodo.cat\/#organization\"},\"potentialAction\":[{\"@type\":\"SearchAction\",\"target\":{\"@type\":\"EntryPoint\",\"urlTemplate\":\"https:\/\/unmonrodo.cat\/?s={search_term_string}\"},\"query-input\":{\"@type\":\"PropertyValueSpecification\",\"valueRequired\":true,\"valueName\":\"search_term_string\"}}],\"inLanguage\":\"es\"},{\"@type\":\"Organization\",\"@id\":\"https:\/\/unmonrodo.cat\/#organization\",\"name\":\"Un M\u00f3n Rod\u00f3\",\"url\":\"https:\/\/unmonrodo.cat\/\",\"logo\":{\"@type\":\"ImageObject\",\"inLanguage\":\"es\",\"@id\":\"https:\/\/unmonrodo.cat\/#\/schema\/logo\/image\/\",\"url\":\"https:\/\/dev.unmonrodo.com\/wp-content\/uploads\/2021\/11\/logo-horizontal.png\",\"contentUrl\":\"https:\/\/dev.unmonrodo.com\/wp-content\/uploads\/2021\/11\/logo-horizontal.png\",\"width\":1016,\"height\":299,\"caption\":\"Un M\u00f3n Rod\u00f3\"},\"image\":{\"@id\":\"https:\/\/unmonrodo.cat\/#\/schema\/logo\/image\/\"},\"sameAs\":[\"https:\/\/es-es.facebook.com\/unmonrodo\",\"https:\/\/x.com\/un_mon_rodo\"]}]}<\/script>\n<!-- \/ Yoast SEO plugin. -->","yoast_head_json":{"title":"Pol\u00edtica de privacitat - Un m\u00f3n mod\u00f3","robots":{"index":"index","follow":"follow","max-snippet":"max-snippet:-1","max-image-preview":"max-image-preview:large","max-video-preview":"max-video-preview:-1"},"canonical":"https:\/\/unmonrodo.cat\/es\/politica-de-privacitat\/","og_locale":"es_ES","og_type":"article","og_title":"Pol\u00edtica de privacitat - Un m\u00f3n mod\u00f3","og_description":"Introducci\u00f3 La nostra pol\u00edtica de privacitat estableix els termes en qu\u00e8 Un m\u00f3n rod\u00f3, S.L. empra i protegeix la informaci\u00f3 que \u00e9s proporcionada pels seus usuaris en el moment d&#8217;utilitzar el seu lloc web. Aquesta companyia est\u00e0 compromesa amb la seguretat de les dades dels seus usuaris. Quan li demanem omplir els camps d&#8217;informaci\u00f3 personal [&hellip;]","og_url":"https:\/\/unmonrodo.cat\/es\/politica-de-privacitat\/","og_site_name":"Un m\u00f3n mod\u00f3","article_publisher":"https:\/\/es-es.facebook.com\/unmonrodo","article_modified_time":"2023-06-11T12:35:34+00:00","twitter_card":"summary_large_image","twitter_site":"@un_mon_rodo","twitter_misc":{"Tiempo de lectura":"2 minutos"},"schema":{"@context":"https:\/\/schema.org","@graph":[{"@type":"WebPage","@id":"https:\/\/unmonrodo.cat\/politica-de-privacitat\/","url":"https:\/\/unmonrodo.cat\/politica-de-privacitat\/","name":"Pol\u00edtica de privacitat - Un m\u00f3n mod\u00f3","isPartOf":{"@id":"https:\/\/unmonrodo.cat\/#website"},"datePublished":"2022-07-24T11:29:43+00:00","dateModified":"2023-06-11T12:35:34+00:00","breadcrumb":{"@id":"https:\/\/unmonrodo.cat\/politica-de-privacitat\/#breadcrumb"},"inLanguage":"es","potentialAction":[{"@type":"ReadAction","target":["https:\/\/unmonrodo.cat\/politica-de-privacitat\/"]}]},{"@type":"BreadcrumbList","@id":"https:\/\/unmonrodo.cat\/politica-de-privacitat\/#breadcrumb","itemListElement":[{"@type":"ListItem","position":1,"name":"Inici","item":"https:\/\/unmonrodo.cat\/"},{"@type":"ListItem","position":2,"name":"Pol\u00edtica de privacitat"}]},{"@type":"WebSite","@id":"https:\/\/unmonrodo.cat\/#website","url":"https:\/\/unmonrodo.cat\/","name":"Un M\u00f3n Rod\u00f3","description":"\u00a1Aprender es divertido!","publisher":{"@id":"https:\/\/unmonrodo.cat\/#organization"},"potentialAction":[{"@type":"SearchAction","target":{"@type":"EntryPoint","urlTemplate":"https:\/\/unmonrodo.cat\/?s={search_term_string}"},"query-input":{"@type":"PropertyValueSpecification","valueRequired":true,"valueName":"search_term_string"}}],"inLanguage":"es"},{"@type":"Organization","@id":"https:\/\/unmonrodo.cat\/#organization","name":"Un M\u00f3n Rod\u00f3","url":"https:\/\/unmonrodo.cat\/","logo":{"@type":"ImageObject","inLanguage":"es","@id":"https:\/\/unmonrodo.cat\/#\/schema\/logo\/image\/","url":"https:\/\/dev.unmonrodo.com\/wp-content\/uploads\/2021\/11\/logo-horizontal.png","contentUrl":"https:\/\/dev.unmonrodo.com\/wp-content\/uploads\/2021\/11\/logo-horizontal.png","width":1016,"height":299,"caption":"Un M\u00f3n Rod\u00f3"},"image":{"@id":"https:\/\/unmonrodo.cat\/#\/schema\/logo\/image\/"},"sameAs":["https:\/\/es-es.facebook.com\/unmonrodo","https:\/\/x.com\/un_mon_rodo"]}]}},"_links":{"self":[{"href":"https:\/\/unmonrodo.cat\/es\/wp-json\/wp\/v2\/pages\/2351","targetHints":{"allow":["GET"]}}],"collection":[{"href":"https:\/\/unmonrodo.cat\/es\/wp-json\/wp\/v2\/pages"}],"about":[{"href":"https:\/\/unmonrodo.cat\/es\/wp-json\/wp\/v2\/types\/page"}],"author":[{"embeddable":true,"href":"https:\/\/unmonrodo.cat\/es\/wp-json\/wp\/v2\/users\/1"}],"replies":[{"embeddable":true,"href":"https:\/\/unmonrodo.cat\/es\/wp-json\/wp\/v2\/comments?post=2351"}],"version-history":[{"count":20,"href":"https:\/\/unmonrodo.cat\/es\/wp-json\/wp\/v2\/pages\/2351\/revisions"}],"predecessor-version":[{"id":4247,"href":"https:\/\/unmonrodo.cat\/es\/wp-json\/wp\/v2\/pages\/2351\/revisions\/4247"}],"wp:attachment":[{"href":"https:\/\/unmonrodo.cat\/es\/wp-json\/wp\/v2\/media?parent=2351"}],"curies":[{"name":"wp","href":"https:\/\/api.w.org\/{rel}","templated":true}]}}