{"id":2494,"date":"2022-07-24T14:52:01","date_gmt":"2022-07-24T12:52:01","guid":{"rendered":"https:\/\/dev.unmonrodo.cat\/?page_id=2494"},"modified":"2023-06-24T14:03:32","modified_gmt":"2023-06-24T12:03:32","slug":"actualitat","status":"publish","type":"page","link":"https:\/\/unmonrodo.cat\/es\/actualitat\/","title":{"rendered":"Actualidad"},"content":{"rendered":"<div data-elementor-type=\"wp-page\" data-elementor-id=\"2494\" class=\"elementor elementor-2494\" data-elementor-post-type=\"page\">\n\t\t\t\t\t\t<section class=\"elementor-section elementor-top-section elementor-element elementor-element-0a063f8 elementor-section-boxed elementor-section-height-default elementor-section-height-default\" data-id=\"0a063f8\" data-element_type=\"section\" data-e-type=\"section\">\n\t\t\t\t\t\t<div class=\"elementor-container elementor-column-gap-wide\">\n\t\t\t\t\t<div class=\"elementor-column elementor-col-100 elementor-top-column elementor-element elementor-element-9d5cdb8\" data-id=\"9d5cdb8\" data-element_type=\"column\" data-e-type=\"column\">\n\t\t\t<div class=\"elementor-widget-wrap elementor-element-populated\">\n\t\t\t\t\t\t<div class=\"elementor-element elementor-element-d5fe108 elementor-widget elementor-widget-text-editor\" data-id=\"d5fe108\" data-element_type=\"widget\" data-e-type=\"widget\" data-widget_type=\"text-editor.default\">\n\t\t\t\t<div class=\"elementor-widget-container\">\n\t\t\t\t\t\t\t\t\t<p>Mantente al d\u00eda con Un m\u00f3n rod\u00f3<\/p>\t\t\t\t\t\t\t\t<\/div>\n\t\t\t\t<\/div>\n\t\t\t\t\t<\/div>\n\t\t<\/div>\n\t\t\t\t\t<\/div>\n\t\t<\/section>\n\t\t\t\t<section class=\"elementor-section elementor-top-section elementor-element elementor-element-e9a7050 elementor-section-boxed elementor-section-height-default elementor-section-height-default\" data-id=\"e9a7050\" data-element_type=\"section\" data-e-type=\"section\">\n\t\t\t\t\t\t<div class=\"elementor-container elementor-column-gap-wide\">\n\t\t\t\t\t<div class=\"elementor-column elementor-col-100 elementor-top-column elementor-element elementor-element-f152fe0\" data-id=\"f152fe0\" data-element_type=\"column\" data-e-type=\"column\">\n\t\t\t<div class=\"elementor-widget-wrap elementor-element-populated\">\n\t\t\t\t\t\t<div class=\"elementor-element elementor-element-0c90622 elementor-grid-3 elementor-grid-tablet-2 elementor-grid-mobile-1 elementor-posts--thumbnail-top elementor-widget elementor-widget-posts\" data-id=\"0c90622\" data-element_type=\"widget\" data-e-type=\"widget\" data-settings=\"{&quot;pagination_type&quot;:&quot;prev_next&quot;,&quot;classic_columns&quot;:&quot;3&quot;,&quot;classic_columns_tablet&quot;:&quot;2&quot;,&quot;classic_columns_mobile&quot;:&quot;1&quot;,&quot;classic_row_gap&quot;:{&quot;unit&quot;:&quot;px&quot;,&quot;size&quot;:35,&quot;sizes&quot;:[]},&quot;classic_row_gap_widescreen&quot;:{&quot;unit&quot;:&quot;px&quot;,&quot;size&quot;:&quot;&quot;,&quot;sizes&quot;:[]},&quot;classic_row_gap_laptop&quot;:{&quot;unit&quot;:&quot;px&quot;,&quot;size&quot;:&quot;&quot;,&quot;sizes&quot;:[]},&quot;classic_row_gap_tablet_extra&quot;:{&quot;unit&quot;:&quot;px&quot;,&quot;size&quot;:&quot;&quot;,&quot;sizes&quot;:[]},&quot;classic_row_gap_tablet&quot;:{&quot;unit&quot;:&quot;px&quot;,&quot;size&quot;:&quot;&quot;,&quot;sizes&quot;:[]},&quot;classic_row_gap_mobile_extra&quot;:{&quot;unit&quot;:&quot;px&quot;,&quot;size&quot;:&quot;&quot;,&quot;sizes&quot;:[]},&quot;classic_row_gap_mobile&quot;:{&quot;unit&quot;:&quot;px&quot;,&quot;size&quot;:&quot;&quot;,&quot;sizes&quot;:[]}}\" data-widget_type=\"posts.classic\">\n\t\t\t\t<div class=\"elementor-widget-container\">\n\t\t\t\t\t\t\t<div class=\"elementor-posts-container elementor-posts elementor-posts--skin-classic elementor-grid\" role=\"list\">\n\t\t\t\t<article class=\"elementor-post elementor-grid-item post-4087 post type-post status-publish format-standard has-post-thumbnail hentry category-noticies\" role=\"listitem\">\n\t\t\t\t<a class=\"elementor-post__thumbnail__link\" href=\"https:\/\/unmonrodo.cat\/es\/noticies\/publicacio-a-la-vanguardia\/\" tabindex=\"-1\" >\n\t\t\t<div class=\"elementor-post__thumbnail\"><img fetchpriority=\"high\" decoding=\"async\" width=\"768\" height=\"1024\" src=\"https:\/\/unmonrodo.cat\/wp-content\/uploads\/2023\/11\/IMG_1604-768x1024.jpeg\" class=\"attachment-medium_large size-medium_large wp-image-4093\" alt=\"Joc parx\u00eds\" srcset=\"https:\/\/unmonrodo.cat\/wp-content\/uploads\/2023\/11\/IMG_1604-768x1024.jpeg 768w, https:\/\/unmonrodo.cat\/wp-content\/uploads\/2023\/11\/IMG_1604-225x300.jpeg 225w, https:\/\/unmonrodo.cat\/wp-content\/uploads\/2023\/11\/IMG_1604-1152x1536.jpeg 1152w, https:\/\/unmonrodo.cat\/wp-content\/uploads\/2023\/11\/IMG_1604-1536x2048.jpeg 1536w, https:\/\/unmonrodo.cat\/wp-content\/uploads\/2023\/11\/IMG_1604-9x12.jpeg 9w, https:\/\/unmonrodo.cat\/wp-content\/uploads\/2023\/11\/IMG_1604-scaled.jpeg 1920w\" sizes=\"(max-width: 768px) 100vw, 768px\" \/><\/div>\n\t\t<\/a>\n\t\t\t\t<div class=\"elementor-post__text\">\n\t\t\t\t<h3 class=\"elementor-post__title\">\n\t\t\t<a href=\"https:\/\/unmonrodo.cat\/es\/noticies\/publicacio-a-la-vanguardia\/\" >\n\t\t\t\tPublicaci\u00f3n en La Vanguardia\t\t\t<\/a>\n\t\t<\/h3>\n\t\t\t\t<div class=\"elementor-post__meta-data\">\n\t\t\t\t\t<span class=\"elementor-post-date\">\n\t\t\t9 de noviembre de 2023\t\t<\/span>\n\t\t\t\t<\/div>\n\t\t\t\t<div class=\"elementor-post__excerpt\">\n\t\t\t<p>C\u00f3mo acertar con las extraescolares de nuestros hijos\/as.<\/p>\n\t\t<\/div>\n\t\t\n\t\t<a class=\"elementor-post__read-more\" href=\"https:\/\/unmonrodo.cat\/es\/noticies\/publicacio-a-la-vanguardia\/\" aria-label=\"M\u00e1s informaci\u00f3n sobre Publicaci\u00f3 a La Vanguardia\" tabindex=\"-1\" >\n\t\t\t SABER M\u00c1S \u2192\t\t<\/a>\n\n\t\t\t\t<\/div>\n\t\t\t\t<\/article>\n\t\t\t\t<article class=\"elementor-post elementor-grid-item post-4007 post type-post status-publish format-standard has-post-thumbnail hentry category-noticies\" role=\"listitem\">\n\t\t\t\t<a class=\"elementor-post__thumbnail__link\" href=\"https:\/\/unmonrodo.cat\/es\/noticies\/obertura-de-centre-a-barcelona\/\" tabindex=\"-1\" >\n\t\t\t<div class=\"elementor-post__thumbnail\"><img decoding=\"async\" width=\"768\" height=\"576\" src=\"https:\/\/unmonrodo.cat\/wp-content\/uploads\/2023\/08\/IMG_2246-768x576.jpeg\" class=\"attachment-medium_large size-medium_large wp-image-4073\" alt=\"Centre Barcelona\" srcset=\"https:\/\/unmonrodo.cat\/wp-content\/uploads\/2023\/08\/IMG_2246-768x576.jpeg 768w, https:\/\/unmonrodo.cat\/wp-content\/uploads\/2023\/08\/IMG_2246-300x225.jpeg 300w, https:\/\/unmonrodo.cat\/wp-content\/uploads\/2023\/08\/IMG_2246-1024x768.jpeg 1024w, https:\/\/unmonrodo.cat\/wp-content\/uploads\/2023\/08\/IMG_2246-1536x1152.jpeg 1536w, https:\/\/unmonrodo.cat\/wp-content\/uploads\/2023\/08\/IMG_2246-2048x1536.jpeg 2048w, https:\/\/unmonrodo.cat\/wp-content\/uploads\/2023\/08\/IMG_2246-16x12.jpeg 16w\" sizes=\"(max-width: 768px) 100vw, 768px\" \/><\/div>\n\t\t<\/a>\n\t\t\t\t<div class=\"elementor-post__text\">\n\t\t\t\t<h3 class=\"elementor-post__title\">\n\t\t\t<a href=\"https:\/\/unmonrodo.cat\/es\/noticies\/obertura-de-centre-a-barcelona\/\" >\n\t\t\t\tCENTRO BARCELONA\t\t\t<\/a>\n\t\t<\/h3>\n\t\t\t\t<div class=\"elementor-post__meta-data\">\n\t\t\t\t\t<span class=\"elementor-post-date\">\n\t\t\t8 de noviembre de 2023\t\t<\/span>\n\t\t\t\t<\/div>\n\t\t\t\t<div class=\"elementor-post__excerpt\">\n\t\t\t<p>Matr\u00edcula abierta.<\/p>\n\t\t<\/div>\n\t\t\n\t\t<a class=\"elementor-post__read-more\" href=\"https:\/\/unmonrodo.cat\/es\/noticies\/obertura-de-centre-a-barcelona\/\" aria-label=\"M\u00e1s informaci\u00f3n sobre CENTRE BARCELONA\" tabindex=\"-1\" >\n\t\t\t SABER M\u00c1S \u2192\t\t<\/a>\n\n\t\t\t\t<\/div>\n\t\t\t\t<\/article>\n\t\t\t\t<article class=\"elementor-post elementor-grid-item post-3848 post type-post status-publish format-standard has-post-thumbnail hentry category-noticies\" role=\"listitem\">\n\t\t\t\t<a class=\"elementor-post__thumbnail__link\" href=\"https:\/\/unmonrodo.cat\/es\/noticies\/paraules-emocionals-per-a-la-millora-de-laprenentatge\/\" tabindex=\"-1\" >\n\t\t\t<div class=\"elementor-post__thumbnail\"><img decoding=\"async\" width=\"768\" height=\"576\" src=\"https:\/\/unmonrodo.cat\/wp-content\/uploads\/2023\/06\/taller-paraules-emocionals-camp-clar-768x576.jpg\" class=\"attachment-medium_large size-medium_large wp-image-3849\" alt=\"Taller paraules emocionals Camp Clar\" srcset=\"https:\/\/unmonrodo.cat\/wp-content\/uploads\/2023\/06\/taller-paraules-emocionals-camp-clar-768x576.jpg 768w, https:\/\/unmonrodo.cat\/wp-content\/uploads\/2023\/06\/taller-paraules-emocionals-camp-clar-300x225.jpg 300w, https:\/\/unmonrodo.cat\/wp-content\/uploads\/2023\/06\/taller-paraules-emocionals-camp-clar-1024x768.jpg 1024w, https:\/\/unmonrodo.cat\/wp-content\/uploads\/2023\/06\/taller-paraules-emocionals-camp-clar-1536x1152.jpg 1536w, https:\/\/unmonrodo.cat\/wp-content\/uploads\/2023\/06\/taller-paraules-emocionals-camp-clar-2048x1536.jpg 2048w, https:\/\/unmonrodo.cat\/wp-content\/uploads\/2023\/06\/taller-paraules-emocionals-camp-clar-16x12.jpg 16w\" sizes=\"(max-width: 768px) 100vw, 768px\" \/><\/div>\n\t\t<\/a>\n\t\t\t\t<div class=\"elementor-post__text\">\n\t\t\t\t<h3 class=\"elementor-post__title\">\n\t\t\t<a href=\"https:\/\/unmonrodo.cat\/es\/noticies\/paraules-emocionals-per-a-la-millora-de-laprenentatge\/\" >\n\t\t\t\tPalabras emocionales para la mejora del aprendizaje\t\t\t<\/a>\n\t\t<\/h3>\n\t\t\t\t<div class=\"elementor-post__meta-data\">\n\t\t\t\t\t<span class=\"elementor-post-date\">\n\t\t\t22 de junio de 2023\t\t<\/span>\n\t\t\t\t<\/div>\n\t\t\t\t<div class=\"elementor-post__excerpt\">\n\t\t\t<p>Trabajamos las emociones y las conductas mediante el lenguaje.<\/p>\n\t\t<\/div>\n\t\t\n\t\t<a class=\"elementor-post__read-more\" href=\"https:\/\/unmonrodo.cat\/es\/noticies\/paraules-emocionals-per-a-la-millora-de-laprenentatge\/\" aria-label=\"M\u00e1s informaci\u00f3n sobre Paraules emocionals per a la millora de l&#8217;aprenentatge\" tabindex=\"-1\" >\n\t\t\t SABER M\u00c1S \u2192\t\t<\/a>\n\n\t\t\t\t<\/div>\n\t\t\t\t<\/article>\n\t\t\t\t<article class=\"elementor-post elementor-grid-item post-3841 post type-post status-publish format-standard has-post-thumbnail hentry category-noticies\" role=\"listitem\">\n\t\t\t\t<a class=\"elementor-post__thumbnail__link\" href=\"https:\/\/unmonrodo.cat\/es\/noticies\/estimulacio-del-llenguatge-pels-alumnes-de-p4-i-p5\/\" tabindex=\"-1\" >\n\t\t\t<div class=\"elementor-post__thumbnail\"><img loading=\"lazy\" decoding=\"async\" width=\"768\" height=\"1152\" src=\"https:\/\/unmonrodo.cat\/wp-content\/uploads\/2023\/06\/taller-estimulacio-parla-sant-salvador-768x1152.jpeg\" class=\"attachment-medium_large size-medium_large wp-image-3814\" alt=\"Taller d&#039;estimulaci\u00f3 parla Sant Salvador\" srcset=\"https:\/\/unmonrodo.cat\/wp-content\/uploads\/2023\/06\/taller-estimulacio-parla-sant-salvador-768x1152.jpeg 768w, https:\/\/unmonrodo.cat\/wp-content\/uploads\/2023\/06\/taller-estimulacio-parla-sant-salvador-200x300.jpeg 200w, https:\/\/unmonrodo.cat\/wp-content\/uploads\/2023\/06\/taller-estimulacio-parla-sant-salvador-683x1024.jpeg 683w, https:\/\/unmonrodo.cat\/wp-content\/uploads\/2023\/06\/taller-estimulacio-parla-sant-salvador-1024x1536.jpeg 1024w, https:\/\/unmonrodo.cat\/wp-content\/uploads\/2023\/06\/taller-estimulacio-parla-sant-salvador-8x12.jpeg 8w, https:\/\/unmonrodo.cat\/wp-content\/uploads\/2023\/06\/taller-estimulacio-parla-sant-salvador.jpeg 1365w\" sizes=\"(max-width: 768px) 100vw, 768px\" \/><\/div>\n\t\t<\/a>\n\t\t\t\t<div class=\"elementor-post__text\">\n\t\t\t\t<h3 class=\"elementor-post__title\">\n\t\t\t<a href=\"https:\/\/unmonrodo.cat\/es\/noticies\/estimulacio-del-llenguatge-pels-alumnes-de-p4-i-p5\/\" >\n\t\t\t\tEstimulaci\u00f3n del lenguaje\u00a0para los alumnos de P4 y P5\t\t\t<\/a>\n\t\t<\/h3>\n\t\t\t\t<div class=\"elementor-post__meta-data\">\n\t\t\t\t\t<span class=\"elementor-post-date\">\n\t\t\t15 de junio de 2023\t\t<\/span>\n\t\t\t\t<\/div>\n\t\t\t\t<div class=\"elementor-post__excerpt\">\n\t\t\t<p>Mejoramos la adquisici\u00f3n de vocabulario y expresi\u00f3n del lenguaje en catal\u00e1n.<\/p>\n\t\t<\/div>\n\t\t\n\t\t<a class=\"elementor-post__read-more\" href=\"https:\/\/unmonrodo.cat\/es\/noticies\/estimulacio-del-llenguatge-pels-alumnes-de-p4-i-p5\/\" aria-label=\"M\u00e1s informaci\u00f3n sobre Estimulaci\u00f3 del llenguatge\u00a0pels alumnes de P4 i P5\" tabindex=\"-1\" >\n\t\t\t SABER M\u00c1S \u2192\t\t<\/a>\n\n\t\t\t\t<\/div>\n\t\t\t\t<\/article>\n\t\t\t\t<article class=\"elementor-post elementor-grid-item post-3806 post type-post status-publish format-standard has-post-thumbnail hentry category-noticies\" role=\"listitem\">\n\t\t\t\t<a class=\"elementor-post__thumbnail__link\" href=\"https:\/\/unmonrodo.cat\/es\/noticies\/parlem-de-diagnostic-pedagogic-a-tarragona-radio\/\" tabindex=\"-1\" >\n\t\t\t<div class=\"elementor-post__thumbnail\"><img loading=\"lazy\" decoding=\"async\" width=\"595\" height=\"841\" src=\"https:\/\/unmonrodo.cat\/wp-content\/uploads\/2023\/06\/Noticia_Tarragona_Radio.png\" class=\"attachment-medium_large size-medium_large wp-image-3807\" alt=\"Tarragona Radio\" srcset=\"https:\/\/unmonrodo.cat\/wp-content\/uploads\/2023\/06\/Noticia_Tarragona_Radio.png 595w, https:\/\/unmonrodo.cat\/wp-content\/uploads\/2023\/06\/Noticia_Tarragona_Radio-212x300.png 212w, https:\/\/unmonrodo.cat\/wp-content\/uploads\/2023\/06\/Noticia_Tarragona_Radio-8x12.png 8w\" sizes=\"(max-width: 595px) 100vw, 595px\" \/><\/div>\n\t\t<\/a>\n\t\t\t\t<div class=\"elementor-post__text\">\n\t\t\t\t<h3 class=\"elementor-post__title\">\n\t\t\t<a href=\"https:\/\/unmonrodo.cat\/es\/noticies\/parlem-de-diagnostic-pedagogic-a-tarragona-radio\/\" >\n\t\t\t\tHablemos de Diagn\u00f3stico Pedag\u00f3gico en Tarragona Radio\t\t\t<\/a>\n\t\t<\/h3>\n\t\t\t\t<div class=\"elementor-post__meta-data\">\n\t\t\t\t\t<span class=\"elementor-post-date\">\n\t\t\t6 de junio de 2023\t\t<\/span>\n\t\t\t\t<\/div>\n\t\t\t\t<div class=\"elementor-post__excerpt\">\n\t\t\t<p>Prevenci\u00f3n por una buena salud emocional y mejora de los procesos de aprendizaje de los ni\u00f1os.<\/p>\n\t\t<\/div>\n\t\t\n\t\t<a class=\"elementor-post__read-more\" href=\"https:\/\/unmonrodo.cat\/es\/noticies\/parlem-de-diagnostic-pedagogic-a-tarragona-radio\/\" aria-label=\"M\u00e1s informaci\u00f3n sobre Parlem de Diagn\u00f2stic Pedag\u00f2gic a Tarragona R\u00e0dio\" tabindex=\"-1\" >\n\t\t\t SABER M\u00c1S \u2192\t\t<\/a>\n\n\t\t\t\t<\/div>\n\t\t\t\t<\/article>\n\t\t\t\t<article class=\"elementor-post elementor-grid-item post-3813 post type-post status-publish format-standard has-post-thumbnail hentry category-noticies\" role=\"listitem\">\n\t\t\t\t<a class=\"elementor-post__thumbnail__link\" href=\"https:\/\/unmonrodo.cat\/es\/noticies\/el-joc-compartit-entre-pares-mares-i-fills-es\/\" tabindex=\"-1\" >\n\t\t\t<div class=\"elementor-post__thumbnail\"><img loading=\"lazy\" decoding=\"async\" width=\"768\" height=\"565\" src=\"https:\/\/unmonrodo.cat\/wp-content\/uploads\/2023\/03\/taller-pares-mares-fiils-768x565.jpg\" class=\"attachment-medium_large size-medium_large wp-image-3846\" alt=\"Taller pares, mares i fills\" srcset=\"https:\/\/unmonrodo.cat\/wp-content\/uploads\/2023\/03\/taller-pares-mares-fiils-768x565.jpg 768w, https:\/\/unmonrodo.cat\/wp-content\/uploads\/2023\/03\/taller-pares-mares-fiils-300x221.jpg 300w, https:\/\/unmonrodo.cat\/wp-content\/uploads\/2023\/03\/taller-pares-mares-fiils-1024x754.jpg 1024w, https:\/\/unmonrodo.cat\/wp-content\/uploads\/2023\/03\/taller-pares-mares-fiils-1536x1131.jpg 1536w, https:\/\/unmonrodo.cat\/wp-content\/uploads\/2023\/03\/taller-pares-mares-fiils-2048x1508.jpg 2048w, https:\/\/unmonrodo.cat\/wp-content\/uploads\/2023\/03\/taller-pares-mares-fiils-16x12.jpg 16w\" sizes=\"(max-width: 768px) 100vw, 768px\" \/><\/div>\n\t\t<\/a>\n\t\t\t\t<div class=\"elementor-post__text\">\n\t\t\t\t<h3 class=\"elementor-post__title\">\n\t\t\t<a href=\"https:\/\/unmonrodo.cat\/es\/noticies\/el-joc-compartit-entre-pares-mares-i-fills-es\/\" >\n\t\t\t\tEl juego compartido entre padres\/madres e hijos\/as\t\t\t<\/a>\n\t\t<\/h3>\n\t\t\t\t<div class=\"elementor-post__meta-data\">\n\t\t\t\t\t<span class=\"elementor-post-date\">\n\t\t\t24 de marzo de 2023\t\t<\/span>\n\t\t\t\t<\/div>\n\t\t\t\t<div class=\"elementor-post__excerpt\">\n\t\t\t<p>Conseguimos un v\u00ednculo saludable con nuestros hijos\/as mediante el juego.<\/p>\n\t\t<\/div>\n\t\t\n\t\t<a class=\"elementor-post__read-more\" href=\"https:\/\/unmonrodo.cat\/es\/noticies\/el-joc-compartit-entre-pares-mares-i-fills-es\/\" aria-label=\"M\u00e1s informaci\u00f3n sobre El joc compartit entre pares\/mares i fills\/es\" tabindex=\"-1\" >\n\t\t\t SABER M\u00c1S \u2192\t\t<\/a>\n\n\t\t\t\t<\/div>\n\t\t\t\t<\/article>\n\t\t\t\t<\/div>\n\t\t\n\t\t\t\t<div class=\"e-load-more-anchor\" data-page=\"1\" data-max-page=\"2\" data-next-page=\"https:\/\/unmonrodo.cat\/es\/wp-json\/wp\/v2\/pages\/2494\/page\/2\/\"><\/div>\n\t\t\t\t<nav class=\"elementor-pagination\" aria-label=\"Paginaci\u00f3n\">\n\t\t\t<span class=\"page-numbers prev\">&laquo; Anterior<\/span>\n<a class=\"page-numbers next\" href=\"https:\/\/unmonrodo.cat\/es\/wp-json\/wp\/v2\/pages\/2494\/page\/2\/\">Siguiente \u00bb<\/a>\t\t<\/nav>\n\t\t\t\t\t\t<\/div>\n\t\t\t\t<\/div>\n\t\t\t\t\t<\/div>\n\t\t<\/div>\n\t\t\t\t\t<\/div>\n\t\t<\/section>\n\t\t\t\t<\/div>","protected":false},"excerpt":{"rendered":"<p>Mantente al d\u00eda con Un m\u00f3n rod\u00f3<\/p>","protected":false},"author":1,"featured_media":0,"parent":0,"menu_order":0,"comment_status":"closed","ping_status":"closed","template":"","meta":{"footnotes":""},"class_list":["post-2494","page","type-page","status-publish","hentry"],"yoast_head":"<!-- This site is optimized with the Yoast SEO plugin v26.8 - https:\/\/yoast.com\/product\/yoast-seo-wordpress\/ -->\n<title>Actualitat - Un m\u00f3n mod\u00f3<\/title>\n<meta name=\"robots\" content=\"index, follow, max-snippet:-1, max-image-preview:large, max-video-preview:-1\" \/>\n<link rel=\"canonical\" href=\"https:\/\/unmonrodo.cat\/es\/actualitat\/\" \/>\n<meta property=\"og:locale\" content=\"es_ES\" \/>\n<meta property=\"og:type\" content=\"article\" \/>\n<meta property=\"og:title\" content=\"Actualitat - Un m\u00f3n mod\u00f3\" \/>\n<meta property=\"og:description\" content=\"Estigues al dia amb Un m\u00f3n rod\u00f3\" \/>\n<meta property=\"og:url\" content=\"https:\/\/unmonrodo.cat\/es\/actualitat\/\" \/>\n<meta property=\"og:site_name\" content=\"Un m\u00f3n mod\u00f3\" \/>\n<meta property=\"article:publisher\" content=\"https:\/\/es-es.facebook.com\/unmonrodo\" \/>\n<meta property=\"article:modified_time\" content=\"2023-06-24T12:03:32+00:00\" \/>\n<meta name=\"twitter:card\" content=\"summary_large_image\" \/>\n<meta name=\"twitter:site\" content=\"@un_mon_rodo\" \/>\n<meta name=\"twitter:label1\" content=\"Tiempo de lectura\" \/>\n\t<meta name=\"twitter:data1\" content=\"2 minutos\" \/>\n<script type=\"application\/ld+json\" class=\"yoast-schema-graph\">{\"@context\":\"https:\/\/schema.org\",\"@graph\":[{\"@type\":\"WebPage\",\"@id\":\"https:\/\/unmonrodo.cat\/actualitat\/\",\"url\":\"https:\/\/unmonrodo.cat\/actualitat\/\",\"name\":\"Actualitat - Un m\u00f3n mod\u00f3\",\"isPartOf\":{\"@id\":\"https:\/\/unmonrodo.cat\/#website\"},\"datePublished\":\"2022-07-24T12:52:01+00:00\",\"dateModified\":\"2023-06-24T12:03:32+00:00\",\"breadcrumb\":{\"@id\":\"https:\/\/unmonrodo.cat\/actualitat\/#breadcrumb\"},\"inLanguage\":\"es\",\"potentialAction\":[{\"@type\":\"ReadAction\",\"target\":[\"https:\/\/unmonrodo.cat\/actualitat\/\"]}]},{\"@type\":\"BreadcrumbList\",\"@id\":\"https:\/\/unmonrodo.cat\/actualitat\/#breadcrumb\",\"itemListElement\":[{\"@type\":\"ListItem\",\"position\":1,\"name\":\"Inici\",\"item\":\"https:\/\/unmonrodo.cat\/\"},{\"@type\":\"ListItem\",\"position\":2,\"name\":\"Actualitat\"}]},{\"@type\":\"WebSite\",\"@id\":\"https:\/\/unmonrodo.cat\/#website\",\"url\":\"https:\/\/unmonrodo.cat\/\",\"name\":\"Un M\u00f3n Rod\u00f3\",\"description\":\"Aprendre pot ser divertit!\",\"publisher\":{\"@id\":\"https:\/\/unmonrodo.cat\/#organization\"},\"potentialAction\":[{\"@type\":\"SearchAction\",\"target\":{\"@type\":\"EntryPoint\",\"urlTemplate\":\"https:\/\/unmonrodo.cat\/?s={search_term_string}\"},\"query-input\":{\"@type\":\"PropertyValueSpecification\",\"valueRequired\":true,\"valueName\":\"search_term_string\"}}],\"inLanguage\":\"es\"},{\"@type\":\"Organization\",\"@id\":\"https:\/\/unmonrodo.cat\/#organization\",\"name\":\"Un M\u00f3n Rod\u00f3\",\"url\":\"https:\/\/unmonrodo.cat\/\",\"logo\":{\"@type\":\"ImageObject\",\"inLanguage\":\"es\",\"@id\":\"https:\/\/unmonrodo.cat\/#\/schema\/logo\/image\/\",\"url\":\"https:\/\/dev.unmonrodo.com\/wp-content\/uploads\/2021\/11\/logo-horizontal.png\",\"contentUrl\":\"https:\/\/dev.unmonrodo.com\/wp-content\/uploads\/2021\/11\/logo-horizontal.png\",\"width\":1016,\"height\":299,\"caption\":\"Un M\u00f3n Rod\u00f3\"},\"image\":{\"@id\":\"https:\/\/unmonrodo.cat\/#\/schema\/logo\/image\/\"},\"sameAs\":[\"https:\/\/es-es.facebook.com\/unmonrodo\",\"https:\/\/x.com\/un_mon_rodo\"]}]}<\/script>\n<!-- \/ Yoast SEO plugin. -->","yoast_head_json":{"title":"Actualitat - Un m\u00f3n mod\u00f3","robots":{"index":"index","follow":"follow","max-snippet":"max-snippet:-1","max-image-preview":"max-image-preview:large","max-video-preview":"max-video-preview:-1"},"canonical":"https:\/\/unmonrodo.cat\/es\/actualitat\/","og_locale":"es_ES","og_type":"article","og_title":"Actualitat - Un m\u00f3n mod\u00f3","og_description":"Estigues al dia amb Un m\u00f3n rod\u00f3","og_url":"https:\/\/unmonrodo.cat\/es\/actualitat\/","og_site_name":"Un m\u00f3n mod\u00f3","article_publisher":"https:\/\/es-es.facebook.com\/unmonrodo","article_modified_time":"2023-06-24T12:03:32+00:00","twitter_card":"summary_large_image","twitter_site":"@un_mon_rodo","twitter_misc":{"Tiempo de lectura":"2 minutos"},"schema":{"@context":"https:\/\/schema.org","@graph":[{"@type":"WebPage","@id":"https:\/\/unmonrodo.cat\/actualitat\/","url":"https:\/\/unmonrodo.cat\/actualitat\/","name":"Actualitat - Un m\u00f3n mod\u00f3","isPartOf":{"@id":"https:\/\/unmonrodo.cat\/#website"},"datePublished":"2022-07-24T12:52:01+00:00","dateModified":"2023-06-24T12:03:32+00:00","breadcrumb":{"@id":"https:\/\/unmonrodo.cat\/actualitat\/#breadcrumb"},"inLanguage":"es","potentialAction":[{"@type":"ReadAction","target":["https:\/\/unmonrodo.cat\/actualitat\/"]}]},{"@type":"BreadcrumbList","@id":"https:\/\/unmonrodo.cat\/actualitat\/#breadcrumb","itemListElement":[{"@type":"ListItem","position":1,"name":"Inici","item":"https:\/\/unmonrodo.cat\/"},{"@type":"ListItem","position":2,"name":"Actualitat"}]},{"@type":"WebSite","@id":"https:\/\/unmonrodo.cat\/#website","url":"https:\/\/unmonrodo.cat\/","name":"Un M\u00f3n Rod\u00f3","description":"\u00a1Aprender es divertido!","publisher":{"@id":"https:\/\/unmonrodo.cat\/#organization"},"potentialAction":[{"@type":"SearchAction","target":{"@type":"EntryPoint","urlTemplate":"https:\/\/unmonrodo.cat\/?s={search_term_string}"},"query-input":{"@type":"PropertyValueSpecification","valueRequired":true,"valueName":"search_term_string"}}],"inLanguage":"es"},{"@type":"Organization","@id":"https:\/\/unmonrodo.cat\/#organization","name":"Un M\u00f3n Rod\u00f3","url":"https:\/\/unmonrodo.cat\/","logo":{"@type":"ImageObject","inLanguage":"es","@id":"https:\/\/unmonrodo.cat\/#\/schema\/logo\/image\/","url":"https:\/\/dev.unmonrodo.com\/wp-content\/uploads\/2021\/11\/logo-horizontal.png","contentUrl":"https:\/\/dev.unmonrodo.com\/wp-content\/uploads\/2021\/11\/logo-horizontal.png","width":1016,"height":299,"caption":"Un M\u00f3n Rod\u00f3"},"image":{"@id":"https:\/\/unmonrodo.cat\/#\/schema\/logo\/image\/"},"sameAs":["https:\/\/es-es.facebook.com\/unmonrodo","https:\/\/x.com\/un_mon_rodo"]}]}},"_links":{"self":[{"href":"https:\/\/unmonrodo.cat\/es\/wp-json\/wp\/v2\/pages\/2494","targetHints":{"allow":["GET"]}}],"collection":[{"href":"https:\/\/unmonrodo.cat\/es\/wp-json\/wp\/v2\/pages"}],"about":[{"href":"https:\/\/unmonrodo.cat\/es\/wp-json\/wp\/v2\/types\/page"}],"author":[{"embeddable":true,"href":"https:\/\/unmonrodo.cat\/es\/wp-json\/wp\/v2\/users\/1"}],"replies":[{"embeddable":true,"href":"https:\/\/unmonrodo.cat\/es\/wp-json\/wp\/v2\/comments?post=2494"}],"version-history":[{"count":46,"href":"https:\/\/unmonrodo.cat\/es\/wp-json\/wp\/v2\/pages\/2494\/revisions"}],"predecessor-version":[{"id":3856,"href":"https:\/\/unmonrodo.cat\/es\/wp-json\/wp\/v2\/pages\/2494\/revisions\/3856"}],"wp:attachment":[{"href":"https:\/\/unmonrodo.cat\/es\/wp-json\/wp\/v2\/media?parent=2494"}],"curies":[{"name":"wp","href":"https:\/\/api.w.org\/{rel}","templated":true}]}}