{"id":4245,"date":"2025-02-09T13:29:28","date_gmt":"2025-02-09T12:29:28","guid":{"rendered":"https:\/\/unmonrodo.cat\/?page_id=4245"},"modified":"2025-02-10T09:34:45","modified_gmt":"2025-02-10T08:34:45","slug":"proteccio-de-dades","status":"publish","type":"page","link":"https:\/\/unmonrodo.cat\/es\/proteccio-de-dades\/","title":{"rendered":"Protecci\u00f3n de datos"},"content":{"rendered":"<div data-elementor-type=\"wp-page\" data-elementor-id=\"4245\" class=\"elementor elementor-4245\" data-elementor-post-type=\"page\">\n\t\t\t\t\t\t<section class=\"elementor-section elementor-top-section elementor-element elementor-element-b4b570d elementor-section-boxed elementor-section-height-default elementor-section-height-default\" data-id=\"b4b570d\" data-element_type=\"section\" data-e-type=\"section\">\n\t\t\t\t\t\t<div class=\"elementor-container elementor-column-gap-default\">\n\t\t\t\t\t<div class=\"elementor-column elementor-col-100 elementor-top-column elementor-element elementor-element-d47cfca\" data-id=\"d47cfca\" data-element_type=\"column\" data-e-type=\"column\">\n\t\t\t<div class=\"elementor-widget-wrap elementor-element-populated\">\n\t\t\t\t\t\t<div class=\"elementor-element elementor-element-68eacba elementor-widget elementor-widget-text-editor\" data-id=\"68eacba\" data-element_type=\"widget\" data-e-type=\"widget\" data-widget_type=\"text-editor.default\">\n\t\t\t\t<div class=\"elementor-widget-container\">\n\t\t\t\t\t\t\t\t\tDe conformidad con lo que se dispone en el Reglamento General de Protecci\u00f3n de Datos RGPD UE 679\/2016 y la Ley org\u00e1nica 3\/2018 de 5 de diciembre, de Protecci\u00f3n de Datos Personales y Garant\u00eda de los Derechos Digitales, os facilitamos la siguiente informaci\u00f3n del tratamiento de los datos de car\u00e1cter personal, dando consentimiento para que mis datos sean incorporados mundo redondo S.L, con NIF B55615090 \u2013 Oliana, 28, 08006 Barcelona \u2013 <a href=\"mailto:gestio@unmonrodo.cat\">gestio@unmonrodo.cat<\/span><\/a>.\t\t\t\t\t\t\t\t<\/div>\n\t\t\t\t<\/div>\n\t\t\t\t<div class=\"elementor-element elementor-element-ed3b4b0 elementor-widget elementor-widget-heading\" data-id=\"ed3b4b0\" data-element_type=\"widget\" data-e-type=\"widget\" data-widget_type=\"heading.default\">\n\t\t\t\t<div class=\"elementor-widget-container\">\n\t\t\t\t\t<h2 class=\"elementor-heading-title elementor-size-default\">Finalidad<\/h2>\t\t\t\t<\/div>\n\t\t\t\t<\/div>\n\t\t\t\t<div class=\"elementor-element elementor-element-e0d3bd4 elementor-widget elementor-widget-text-editor\" data-id=\"e0d3bd4\" data-element_type=\"widget\" data-e-type=\"widget\" data-widget_type=\"text-editor.default\">\n\t\t\t\t<div class=\"elementor-widget-container\">\n\t\t\t\t\t\t\t\t\t<p>En Un mundo redondo S.L. tratamos los datos de car\u00e1cter personal que nos facilite para prestarle servicios de atenci\u00f3n pedag\u00f3gica y psicol\u00f3gica, incluido diagn\u00f3stico y\/o tratamiento, adem\u00e1s de mantenerle informado sobre cuestiones relativas a la atenci\u00f3n y\/o diagn\u00f3stico y\/o tratamiento recibidos. No se elabora ning\u00fan perfil comercial a partir de esa informaci\u00f3n.<br \/><br \/>Los datos personales proporcionados se conservar\u00e1n en su historial durante un plazo m\u00ednimo de cinco a\u00f1os desde la \u00faltima atenci\u00f3n y\/o visita y\/o tratamiento y\/o tratamiento pedag\u00f3gico o psicol\u00f3gico recibido, tal y como indica los plazos legales del reglamento.<\/p>\t\t\t\t\t\t\t\t<\/div>\n\t\t\t\t<\/div>\n\t\t\t\t<div class=\"elementor-element elementor-element-902e1ca elementor-widget elementor-widget-heading\" data-id=\"902e1ca\" data-element_type=\"widget\" data-e-type=\"widget\" data-widget_type=\"heading.default\">\n\t\t\t\t<div class=\"elementor-widget-container\">\n\t\t\t\t\t<h2 class=\"elementor-heading-title elementor-size-default\">Legitimaci\u00f3n<\/h2>\t\t\t\t<\/div>\n\t\t\t\t<\/div>\n\t\t\t\t<div class=\"elementor-element elementor-element-290f3f4 elementor-widget elementor-widget-text-editor\" data-id=\"290f3f4\" data-element_type=\"widget\" data-e-type=\"widget\" data-widget_type=\"text-editor.default\">\n\t\t\t\t<div class=\"elementor-widget-container\">\n\t\t\t\t\t\t\t\t\t<p>El tratamiento de los datos de car\u00e1cter personal est\u00e1 basado en la ejecuci\u00f3n de un contrato en el que el interesado es parte o para su aplicaci\u00f3n a petici\u00f3n de \u00e9ste de medidas precontractuales, adem\u00e1s debemos tratar sus datos para cumplir una obligaci\u00f3n legal aplicable al responsable del tratamiento, de conformidad con lo dispuesto en el Reglamento General de Protecci\u00f3n de Datos RG1 63\/2006. 2018, de 5 de diciembre, de Protecci\u00f3n de Datos Personales y Garant\u00eda de los Derechos Digitales (LOPDPGDD).<\/p><p>Resulta de aplicaci\u00f3n la ley 41\/2002, de 14 de noviembre, b\u00e1sica reguladora de la autonom\u00eda del paciente y de los derechos y obligaciones en materia de informaci\u00f3n y documentaci\u00f3n en lo referente a los art\u00edculos 14-19, relativos a tratamiento de historiales cl\u00ednicos.<\/p><p>Existe la obligaci\u00f3n de facilitar los datos de car\u00e1cter personal o, en caso contrario, no puede prestarse la atenci\u00f3n y\/o tratamiento pedag\u00f3gico o psicol\u00f3gico solicitado.<\/p>\t\t\t\t\t\t\t\t<\/div>\n\t\t\t\t<\/div>\n\t\t\t\t<div class=\"elementor-element elementor-element-03bc5ae elementor-widget elementor-widget-heading\" data-id=\"03bc5ae\" data-element_type=\"widget\" data-e-type=\"widget\" data-widget_type=\"heading.default\">\n\t\t\t\t<div class=\"elementor-widget-container\">\n\t\t\t\t\t<h2 class=\"elementor-heading-title elementor-size-default\">Destinatarios<\/h2>\t\t\t\t<\/div>\n\t\t\t\t<\/div>\n\t\t\t\t<div class=\"elementor-element elementor-element-e1b1e7e elementor-widget elementor-widget-text-editor\" data-id=\"e1b1e7e\" data-element_type=\"widget\" data-e-type=\"widget\" data-widget_type=\"text-editor.default\">\n\t\t\t\t<div class=\"elementor-widget-container\">\n\t\t\t\t\t\t\t\t\t<p>Los datos no se comunicar\u00e1n a ning\u00fan tercero ajeno a la Entidad, salvo obligaci\u00f3n legal.<\/p>\t\t\t\t\t\t\t\t<\/div>\n\t\t\t\t<\/div>\n\t\t\t\t<div class=\"elementor-element elementor-element-83c3c9b elementor-widget elementor-widget-heading\" data-id=\"83c3c9b\" data-element_type=\"widget\" data-e-type=\"widget\" data-widget_type=\"heading.default\">\n\t\t\t\t<div class=\"elementor-widget-container\">\n\t\t\t\t\t<h2 class=\"elementor-heading-title elementor-size-default\">Derechos<\/h2>\t\t\t\t<\/div>\n\t\t\t\t<\/div>\n\t\t\t\t<div class=\"elementor-element elementor-element-f116123 elementor-widget elementor-widget-text-editor\" data-id=\"f116123\" data-element_type=\"widget\" data-e-type=\"widget\" data-widget_type=\"text-editor.default\">\n\t\t\t\t<div class=\"elementor-widget-container\">\n\t\t\t\t\t\t\t\t\t<p>Las personas interesadas tienen derecho a obtener el acceso a sus datos personales, as\u00ed como a solicitar la rectificaci\u00f3n de los datos exactos o, en su caso, solicitar su supresi\u00f3n cuando, entre otros motivos, los datos ya no sean necesarios para los fines por los que fueron recogidos. En determinadas circunstancias, los interesados \u200b\u200bpueden solicitar la limitaci\u00f3n del tratamiento de los datos, en cuyo caso \u00fanicamente los conservaremos para el ejercicio o defensa de reclamaciones. Asimismo, y por motivos relacionados con su situaci\u00f3n particular, los interesados \u200b\u200bpueden oponerse al tratamiento de sus datos y en cuyo caso su informaci\u00f3n personal dejar\u00e1 de tratarse, para aquellos fines respecto de los que haya manifestado su oposici\u00f3n.<\/p><p>Cuando sea t\u00e9cnicamente posible, el interesado podr\u00e1 solicitar la portabilidad de sus datos a otro responsable del tratamiento. Para ejercitar estos derechos, de conformidad con la legislaci\u00f3n vigente, los interesados \u200b\u200bpueden dirigirse por correo postal, adjuntando copia de un documento acreditativo de su identidad (DNI), en la direcci\u00f3n postal que figura m\u00e1s arriba.<\/p>\t\t\t\t\t\t\t\t<\/div>\n\t\t\t\t<\/div>\n\t\t\t\t<div class=\"elementor-element elementor-element-dc9f5ce elementor-widget elementor-widget-text-editor\" data-id=\"dc9f5ce\" data-element_type=\"widget\" data-e-type=\"widget\" data-widget_type=\"text-editor.default\">\n\t\t\t\t<div class=\"elementor-widget-container\">\n\t\t\t\t\t\t\t\t\t<p>Por \u00faltimo, tiene derecho a presentar una Reclamaci\u00f3n ante la Autoridad de Control: Agencia Espa\u00f1ola de Protecci\u00f3n de Datos (<a href=\"https:\/\/www.agpd.es\">www.agpd.es<\/a>). C\/ Jorge Juan, 6. 28001 Madrid. Tel. 901100099; 912663517.<\/p>\t\t\t\t\t\t\t\t<\/div>\n\t\t\t\t<\/div>\n\t\t\t\t\t<\/div>\n\t\t<\/div>\n\t\t\t\t\t<\/div>\n\t\t<\/section>\n\t\t\t\t<\/div>","protected":false},"excerpt":{"rendered":"<p>De conformitat amb el que es disposa en el Reglament General de Protecci\u00f3 de Dades RGPD UE 679\/2016 i la Llei org\u00e0nica 3\/2018 de 5 de desembre, de Protecci\u00f3 de Dades Personals i Garantia dels Drets Digitals, os facilitem la seg\u00fcent informaci\u00f3 del tractament de les dades de car\u00e0cter personal, donant consentiment perqu\u00e8 les meves [&hellip;]<\/p>","protected":false},"author":1,"featured_media":0,"parent":0,"menu_order":0,"comment_status":"closed","ping_status":"closed","template":"","meta":{"footnotes":""},"class_list":["post-4245","page","type-page","status-publish","hentry"],"yoast_head":"<!-- This site is optimized with the Yoast SEO plugin v26.8 - https:\/\/yoast.com\/product\/yoast-seo-wordpress\/ -->\n<title>Protecci\u00f3 de dades - Un m\u00f3n mod\u00f3<\/title>\n<meta name=\"robots\" content=\"index, follow, max-snippet:-1, max-image-preview:large, max-video-preview:-1\" \/>\n<link rel=\"canonical\" href=\"https:\/\/unmonrodo.cat\/es\/proteccio-de-dades\/\" \/>\n<meta property=\"og:locale\" content=\"es_ES\" \/>\n<meta property=\"og:type\" content=\"article\" \/>\n<meta property=\"og:title\" content=\"Protecci\u00f3 de dades - Un m\u00f3n mod\u00f3\" \/>\n<meta property=\"og:description\" content=\"De conformitat amb el que es disposa en el Reglament General de Protecci\u00f3 de Dades RGPD UE 679\/2016 i la Llei org\u00e0nica 3\/2018 de 5 de desembre, de Protecci\u00f3 de Dades Personals i Garantia dels Drets Digitals, os facilitem la seg\u00fcent informaci\u00f3 del tractament de les dades de car\u00e0cter personal, donant consentiment perqu\u00e8 les meves [&hellip;]\" \/>\n<meta property=\"og:url\" content=\"https:\/\/unmonrodo.cat\/es\/proteccio-de-dades\/\" \/>\n<meta property=\"og:site_name\" content=\"Un m\u00f3n mod\u00f3\" \/>\n<meta property=\"article:publisher\" content=\"https:\/\/es-es.facebook.com\/unmonrodo\" \/>\n<meta property=\"article:modified_time\" content=\"2025-02-10T08:34:45+00:00\" \/>\n<meta name=\"twitter:card\" content=\"summary_large_image\" \/>\n<meta name=\"twitter:site\" content=\"@un_mon_rodo\" \/>\n<meta name=\"twitter:label1\" content=\"Tiempo de lectura\" \/>\n\t<meta name=\"twitter:data1\" content=\"3 minutos\" \/>\n<script type=\"application\/ld+json\" class=\"yoast-schema-graph\">{\"@context\":\"https:\/\/schema.org\",\"@graph\":[{\"@type\":\"WebPage\",\"@id\":\"https:\/\/unmonrodo.cat\/proteccio-de-dades\/\",\"url\":\"https:\/\/unmonrodo.cat\/proteccio-de-dades\/\",\"name\":\"Protecci\u00f3 de dades - Un m\u00f3n mod\u00f3\",\"isPartOf\":{\"@id\":\"https:\/\/unmonrodo.cat\/#website\"},\"datePublished\":\"2025-02-09T12:29:28+00:00\",\"dateModified\":\"2025-02-10T08:34:45+00:00\",\"breadcrumb\":{\"@id\":\"https:\/\/unmonrodo.cat\/proteccio-de-dades\/#breadcrumb\"},\"inLanguage\":\"es\",\"potentialAction\":[{\"@type\":\"ReadAction\",\"target\":[\"https:\/\/unmonrodo.cat\/proteccio-de-dades\/\"]}]},{\"@type\":\"BreadcrumbList\",\"@id\":\"https:\/\/unmonrodo.cat\/proteccio-de-dades\/#breadcrumb\",\"itemListElement\":[{\"@type\":\"ListItem\",\"position\":1,\"name\":\"Inici\",\"item\":\"https:\/\/unmonrodo.cat\/\"},{\"@type\":\"ListItem\",\"position\":2,\"name\":\"Protecci\u00f3 de dades\"}]},{\"@type\":\"WebSite\",\"@id\":\"https:\/\/unmonrodo.cat\/#website\",\"url\":\"https:\/\/unmonrodo.cat\/\",\"name\":\"Un M\u00f3n Rod\u00f3\",\"description\":\"Aprendre pot ser divertit!\",\"publisher\":{\"@id\":\"https:\/\/unmonrodo.cat\/#organization\"},\"potentialAction\":[{\"@type\":\"SearchAction\",\"target\":{\"@type\":\"EntryPoint\",\"urlTemplate\":\"https:\/\/unmonrodo.cat\/?s={search_term_string}\"},\"query-input\":{\"@type\":\"PropertyValueSpecification\",\"valueRequired\":true,\"valueName\":\"search_term_string\"}}],\"inLanguage\":\"es\"},{\"@type\":\"Organization\",\"@id\":\"https:\/\/unmonrodo.cat\/#organization\",\"name\":\"Un M\u00f3n Rod\u00f3\",\"url\":\"https:\/\/unmonrodo.cat\/\",\"logo\":{\"@type\":\"ImageObject\",\"inLanguage\":\"es\",\"@id\":\"https:\/\/unmonrodo.cat\/#\/schema\/logo\/image\/\",\"url\":\"https:\/\/dev.unmonrodo.com\/wp-content\/uploads\/2021\/11\/logo-horizontal.png\",\"contentUrl\":\"https:\/\/dev.unmonrodo.com\/wp-content\/uploads\/2021\/11\/logo-horizontal.png\",\"width\":1016,\"height\":299,\"caption\":\"Un M\u00f3n Rod\u00f3\"},\"image\":{\"@id\":\"https:\/\/unmonrodo.cat\/#\/schema\/logo\/image\/\"},\"sameAs\":[\"https:\/\/es-es.facebook.com\/unmonrodo\",\"https:\/\/x.com\/un_mon_rodo\"]}]}<\/script>\n<!-- \/ Yoast SEO plugin. -->","yoast_head_json":{"title":"Protecci\u00f3 de dades - Un m\u00f3n mod\u00f3","robots":{"index":"index","follow":"follow","max-snippet":"max-snippet:-1","max-image-preview":"max-image-preview:large","max-video-preview":"max-video-preview:-1"},"canonical":"https:\/\/unmonrodo.cat\/es\/proteccio-de-dades\/","og_locale":"es_ES","og_type":"article","og_title":"Protecci\u00f3 de dades - Un m\u00f3n mod\u00f3","og_description":"De conformitat amb el que es disposa en el Reglament General de Protecci\u00f3 de Dades RGPD UE 679\/2016 i la Llei org\u00e0nica 3\/2018 de 5 de desembre, de Protecci\u00f3 de Dades Personals i Garantia dels Drets Digitals, os facilitem la seg\u00fcent informaci\u00f3 del tractament de les dades de car\u00e0cter personal, donant consentiment perqu\u00e8 les meves [&hellip;]","og_url":"https:\/\/unmonrodo.cat\/es\/proteccio-de-dades\/","og_site_name":"Un m\u00f3n mod\u00f3","article_publisher":"https:\/\/es-es.facebook.com\/unmonrodo","article_modified_time":"2025-02-10T08:34:45+00:00","twitter_card":"summary_large_image","twitter_site":"@un_mon_rodo","twitter_misc":{"Tiempo de lectura":"3 minutos"},"schema":{"@context":"https:\/\/schema.org","@graph":[{"@type":"WebPage","@id":"https:\/\/unmonrodo.cat\/proteccio-de-dades\/","url":"https:\/\/unmonrodo.cat\/proteccio-de-dades\/","name":"Protecci\u00f3 de dades - Un m\u00f3n mod\u00f3","isPartOf":{"@id":"https:\/\/unmonrodo.cat\/#website"},"datePublished":"2025-02-09T12:29:28+00:00","dateModified":"2025-02-10T08:34:45+00:00","breadcrumb":{"@id":"https:\/\/unmonrodo.cat\/proteccio-de-dades\/#breadcrumb"},"inLanguage":"es","potentialAction":[{"@type":"ReadAction","target":["https:\/\/unmonrodo.cat\/proteccio-de-dades\/"]}]},{"@type":"BreadcrumbList","@id":"https:\/\/unmonrodo.cat\/proteccio-de-dades\/#breadcrumb","itemListElement":[{"@type":"ListItem","position":1,"name":"Inici","item":"https:\/\/unmonrodo.cat\/"},{"@type":"ListItem","position":2,"name":"Protecci\u00f3 de dades"}]},{"@type":"WebSite","@id":"https:\/\/unmonrodo.cat\/#website","url":"https:\/\/unmonrodo.cat\/","name":"Un M\u00f3n Rod\u00f3","description":"\u00a1Aprender es divertido!","publisher":{"@id":"https:\/\/unmonrodo.cat\/#organization"},"potentialAction":[{"@type":"SearchAction","target":{"@type":"EntryPoint","urlTemplate":"https:\/\/unmonrodo.cat\/?s={search_term_string}"},"query-input":{"@type":"PropertyValueSpecification","valueRequired":true,"valueName":"search_term_string"}}],"inLanguage":"es"},{"@type":"Organization","@id":"https:\/\/unmonrodo.cat\/#organization","name":"Un M\u00f3n Rod\u00f3","url":"https:\/\/unmonrodo.cat\/","logo":{"@type":"ImageObject","inLanguage":"es","@id":"https:\/\/unmonrodo.cat\/#\/schema\/logo\/image\/","url":"https:\/\/dev.unmonrodo.com\/wp-content\/uploads\/2021\/11\/logo-horizontal.png","contentUrl":"https:\/\/dev.unmonrodo.com\/wp-content\/uploads\/2021\/11\/logo-horizontal.png","width":1016,"height":299,"caption":"Un M\u00f3n Rod\u00f3"},"image":{"@id":"https:\/\/unmonrodo.cat\/#\/schema\/logo\/image\/"},"sameAs":["https:\/\/es-es.facebook.com\/unmonrodo","https:\/\/x.com\/un_mon_rodo"]}]}},"_links":{"self":[{"href":"https:\/\/unmonrodo.cat\/es\/wp-json\/wp\/v2\/pages\/4245","targetHints":{"allow":["GET"]}}],"collection":[{"href":"https:\/\/unmonrodo.cat\/es\/wp-json\/wp\/v2\/pages"}],"about":[{"href":"https:\/\/unmonrodo.cat\/es\/wp-json\/wp\/v2\/types\/page"}],"author":[{"embeddable":true,"href":"https:\/\/unmonrodo.cat\/es\/wp-json\/wp\/v2\/users\/1"}],"replies":[{"embeddable":true,"href":"https:\/\/unmonrodo.cat\/es\/wp-json\/wp\/v2\/comments?post=4245"}],"version-history":[{"count":13,"href":"https:\/\/unmonrodo.cat\/es\/wp-json\/wp\/v2\/pages\/4245\/revisions"}],"predecessor-version":[{"id":4323,"href":"https:\/\/unmonrodo.cat\/es\/wp-json\/wp\/v2\/pages\/4245\/revisions\/4323"}],"wp:attachment":[{"href":"https:\/\/unmonrodo.cat\/es\/wp-json\/wp\/v2\/media?parent=4245"}],"curies":[{"name":"wp","href":"https:\/\/api.w.org\/{rel}","templated":true}]}}